{"id":13160,"date":"2024-06-13T17:46:51","date_gmt":"2024-06-13T15:46:51","guid":{"rendered":"https:\/\/costasonada.es\/?page_id=13160"},"modified":"2024-09-15T15:56:41","modified_gmt":"2024-09-15T13:56:41","slug":"guadelest","status":"publish","type":"page","link":"https:\/\/costasonada.es\/index.php\/guadelest\/","title":{"rendered":"Guadelest"},"content":{"rendered":"\n<h1 style=\"color:#707070; text-align: center;\">Guadalest<\/h1>\n\n<div class=\"texto\">\n    <div class=\"three-column-photo\" style=\"display: flex; justify-content: space-between;\">\n        <div class=\"articulo\"\n             style=\"flex: 1 1 calc(33% - 20px); box-sizing: border-box; margin: 10px; max-width: calc(33% - 20px); border: 1px solid #ccc; padding: 10px; background-color: #f9f9f9;\">\n            <img decoding=\"async\" class=\"image-child\"\n                 src=\"https:\/\/storage.googleapis.com\/static.inmoweb.es\/clients\/3287\/cms\/costa_sonada_inmobiliaria_costa_blanca_guadelest.jpg\"\n                 alt=\"imagen columna 1\" style=\"width:100%; height:auto;\">\n            <div class=\"content-child\" style=\"margin-top: 10px;\">\n                <p>&nbsp;En nuestra inmobiliaria, le presentamos esta joya escondida donde la ubicaci\u00f3n \u00fanica, el clima agradable, lugares de inter\u00e9s cautivadores y oportunidades de inversi\u00f3n se fusionan para ofrecer una experiencia de vida extraordinaria.<\/p>\n                <p>El casco hist\u00f3rico de la localidad, que forma parte de la asociaci\u00f3n Los Pueblos M\u00e1s Bonitos de Espa\u00f1a, est\u00e1 declarado Conjunto Hist\u00f3rico-Art\u00edstico.<\/p>\n                <p>Guadalest se asienta majestuosamente en lo alto de las monta\u00f1as de la Sierra de Aitana, ofreciendo vistas impresionantes del valle circundante y del embalse de Guadalest. A pesar de su elevada ubicaci\u00f3n, esta pintoresca localidad est\u00e1 estrat\u00e9gicamente ubicada a poca distancia de la costa, proporcionando un equilibrio perfecto entre la serenidad de la monta\u00f1a y la accesibilidad a las playas cercanas.<\/p>\n            <\/div>\n        <\/div>\n\n        <div class=\"articulo\"\n             style=\"flex: 1 1 calc(33% - 20px); box-sizing: border-box; margin: 10px; max-width: calc(33% - 20px); border: 1px solid #ccc; padding: 10px; background-color: #f9f9f9;\">\n            <img decoding=\"async\" class=\"image-child\"\n                 src=\"https:\/\/storage.googleapis.com\/static.inmoweb.es\/clients\/3287\/cms\/costa_sonada_inmobiliaria_costa_blanca_guadelest-2.jpg\"\n                 alt=\"imagen columna 2\" style=\"width:100%; height:auto;\">\n            <div class=\"content-child\" style=\"margin-top: 10px;\">\n                <p>Disfrute de un clima agradable de monta\u00f1a en Guadalest, con veranos frescos e inviernos suaves. La altitud proporciona un alivio bienvenido durante los meses m\u00e1s c\u00e1lidos, creando un entorno ideal para explorar la naturaleza circundante y disfrutar de actividades al aire libre. Los cambios estacionales a\u00f1aden un encanto especial a esta regi\u00f3n \u00fanica.<\/p>\n                <p>El Castell de Guadalest: Dominando el horizonte, el castillo medieval es un emblema de la historia de la regi\u00f3n. Explore sus murallas centenarias y disfrute de vistas panor\u00e1micas que se extienden hasta el mar. Embalse de Guadalest: Este embalse, rodeado por majestuosas monta\u00f1as, crea un paisaje id\u00edlico para paseos en bote y actividades acu\u00e1ticas, proporcionando un refugio tranquilo en medio de la naturaleza.<\/p>\n                <p>La Casita de la Se\u00f1or\u00eda: Este peque\u00f1o edificio en el centro del pueblo es un tesoro arquitect\u00f3nico, repleto de historia y cultura que ofrece una visi\u00f3n fascinante de la vida en Guadalest.<\/p>\n            <\/div>\n        <\/div>\n\n        <div class=\"articulo\"\n             style=\"flex: 1 1 calc(33% - 20px); box-sizing: border-box; margin: 10px; max-width: calc(33% - 20px); border: 1px solid #ccc; padding: 10px; background-color: #f9f9f9;\">\n            <img decoding=\"async\" class=\"image-child\"\n                 src=\"https:\/\/storage.googleapis.com\/static.inmoweb.es\/clients\/3287\/cms\/costa_sonada_inmobiliaria_costa_blanca_guadelest-3.jpg\"\n                 alt=\"imagen columna 3\" style=\"width:100%; height:auto;\">\n            <div class=\"content-child\" style=\"margin-top: 10px;\">\n                <p>Guadalest, con su atractivo tur\u00edstico y su ambiente aut\u00e9ntico, ofrece oportunidades de inversi\u00f3n \u00fanicas. Propiedades con encanto en el coraz\u00f3n del pueblo o con vistas panor\u00e1micas a las monta\u00f1as pueden convertirse en refugios exclusivos o destinos tur\u00edsticos, brindando experiencias inolvidables a los visitantes.<\/p>\n                <p>En nuestra inmobiliaria, le presentamos una selecci\u00f3n exclusiva de propiedades en Guadalest. Desde acogedoras casas de pueblo hasta chalets con vistas impresionantes, cada propiedad ha sido elegida para capturar la esencia \u00fanica de este rinc\u00f3n en las alturas de la Costa Blanca. Descubra la autenticidad y el encanto de vivir en Guadalest.<\/p>\n                <p>Viva la Tranquilidad en Guadalest: Descubra la aut\u00e9ntica tranquilidad en Guadalest, donde la historia y la naturaleza se fusionan en un escenario m\u00e1gico. Con oportunidades de inversi\u00f3n emocionantes y un estilo de vida \u00fanico, Guadalest le invita a crear su propio refugio en las alturas. \u00a1Bienvenido a la serenidad de Guadalest!<\/p>\n            <\/div>\n        <\/div>\n    <\/div>\n<\/div>\n","protected":false},"excerpt":{"rendered":"<p>Guadalest &nbsp;En nuestra inmobiliaria, le presentamos esta joya escondida donde la ubicaci\u00f3n \u00fanica, el clima agradable, lugares de inter\u00e9s cautivadores y oportunidades de inversi\u00f3n se fusionan para ofrecer una experiencia de vida extraordinaria. El casco hist\u00f3rico de la localidad, que forma parte de la asociaci\u00f3n Los Pueblos M\u00e1s Bonitos de Espa\u00f1a, est\u00e1 declarado Conjunto Hist\u00f3rico-Art\u00edstico. Guadalest se asienta majestuosamente en lo alto de las monta\u00f1as de la Sierra de Aitana, ofreciendo vistas impresionantes del valle circundante y del embalse de Guadalest. A pesar de su elevada ubicaci\u00f3n, esta pintoresca localidad est\u00e1 estrat\u00e9gicamente ubicada a poca distancia de la costa, proporcionando un equilibrio perfecto entre la<a class=\"more-link\" href=\"https:\/\/costasonada.es\/index.php\/guadelest\/\"><span>Read More &rarr;<\/span><\/a><\/p>\n","protected":false},"author":3,"featured_media":0,"parent":0,"menu_order":0,"comment_status":"closed","ping_status":"closed","template":"elementor_header_footer","meta":{"om_disable_all_campaigns":false,"footnotes":""},"class_list":["entry","author-3dvirtualtour","post-13160","page","type-page","status-publish"],"aioseo_notices":[],"_links":{"self":[{"href":"https:\/\/costasonada.es\/index.php\/wp-json\/wp\/v2\/pages\/13160","targetHints":{"allow":["GET"]}}],"collection":[{"href":"https:\/\/costasonada.es\/index.php\/wp-json\/wp\/v2\/pages"}],"about":[{"href":"https:\/\/costasonada.es\/index.php\/wp-json\/wp\/v2\/types\/page"}],"author":[{"embeddable":true,"href":"https:\/\/costasonada.es\/index.php\/wp-json\/wp\/v2\/users\/3"}],"replies":[{"embeddable":true,"href":"https:\/\/costasonada.es\/index.php\/wp-json\/wp\/v2\/comments?post=13160"}],"version-history":[{"count":8,"href":"https:\/\/costasonada.es\/index.php\/wp-json\/wp\/v2\/pages\/13160\/revisions"}],"predecessor-version":[{"id":13719,"href":"https:\/\/costasonada.es\/index.php\/wp-json\/wp\/v2\/pages\/13160\/revisions\/13719"}],"wp:attachment":[{"href":"https:\/\/costasonada.es\/index.php\/wp-json\/wp\/v2\/media?parent=13160"}],"curies":[{"name":"wp","href":"https:\/\/api.w.org\/{rel}","templated":true}]}}