{"id":13215,"date":"2024-06-13T17:57:50","date_gmt":"2024-06-13T15:57:50","guid":{"rendered":"https:\/\/costasonada.es\/?page_id=13215"},"modified":"2024-09-15T15:56:41","modified_gmt":"2024-09-15T13:56:41","slug":"calpe","status":"publish","type":"page","link":"https:\/\/costasonada.es\/index.php\/calpe\/","title":{"rendered":"Calpe"},"content":{"rendered":"\n<h1 style=\"color:#707070; text-align: center;\">Calpe<\/h1>\n\n<div class=\"texto\">\n    <div class=\"three-column-photo\" style=\"display: flex; justify-content: space-between;\">\n        <div class=\"articulo\"\n             style=\"flex: 1 1 calc(33% - 20px); box-sizing: border-box; margin: 10px; max-width: calc(33% - 20px); border: 1px solid #ccc; padding: 10px; background-color: #f9f9f9;\">\n            <img decoding=\"async\" class=\"image-child\"\n                 src=\"https:\/\/storage.googleapis.com\/static.inmoweb.es\/clients\/3287\/cms\/costa_sonada_inmobiliaria_costa_blanca_calpe-3_2.jpg\"\n                 alt=\"imagen columna 1\" style=\"width:100%; height:auto;\">\n            <div class=\"content-child\" style=\"margin-top: 10px; text-align: justify;\">\n                <p>Calpe\u200b es un municipio de la provincia de Alicante, Comunidad Valenciana, situado en la costa norte de la provincia de Alicante, en la comarca de la Marina Alta. Cuenta con una poblaci\u00f3n de 25 854 habitantes. En su costa se alza majestuosamente el pe\u00f1\u00f3n de Ifach, una mole rocosa de 332 m de altura. Dicho pe\u00f1\u00f3n es uno de los s\u00edmbolos de la Costa Blanca.<\/p>\n                <p>Situada en la pintoresca costa de Alicante, Espa\u00f1a, la encantadora localidad de Calpe se erige como un destino inigualable para quienes buscan un estilo de vida relajado junto al mar. Con una ubicaci\u00f3n estrat\u00e9gica en la Costa Blanca, Calpe ofrece un escenario impresionante donde el azul del Mediterr\u00e1neo se fusiona con el verde de las monta\u00f1as circundantes.<\/p>\n            <\/div>\n        <\/div>\n\n        <div class=\"articulo\"\n             style=\"flex: 1 1 calc(33% - 20px); box-sizing: border-box; margin: 10px; max-width: calc(33% - 20px); border: 1px solid #ccc; padding: 10px; background-color: #f9f9f9;\">\n            <img decoding=\"async\" class=\"image-child\"\n                 src=\"https:\/\/storage.googleapis.com\/static.inmoweb.es\/clients\/3287\/cms\/costa_sonada_inmobiliaria_costa_blanca_calpe-4.jpg\"\n                 alt=\"imagen columna 2\" style=\"width:100%; height:auto;\">\n            <div class=\"content-child\" style=\"margin-top: 10px; text-align: justify;\">\n                <p>Calpe se encuentra a orillas del mar, resguardada por el majestuoso Pe\u00f1\u00f3n de Ifach, un s\u00edmbolo emblem\u00e1tico que domina el horizonte. Esta ubicaci\u00f3n privilegiada brinda a sus residentes no solo vistas espectaculares, sino tambi\u00e9n acceso directo a playas de arena fina y aguas cristalinas. La localidad se sit\u00faa a poca distancia de ciudades emblem\u00e1ticas como Alicante y Valencia, lo que facilita la conexi\u00f3n con centros urbanos y servicios de calidad.<\/p>\n                <p>La referencia m\u00e1s evidente de la geograf\u00eda calpina es el pe\u00f1\u00f3n de Ifach, declarado parque natural por la Generalidad Valenciana en 1987. El t\u00e9rmino municipal presenta muchas playas y calas de muy buena calidad y destaca su bah\u00eda. Otro lugar rese\u00f1able lo constituyen las salinas, de las que antiguamente se ha extra\u00eddo sal desde la \u00e9poca romana. Pertenece al sistema preb\u00e9tico, que empieza en la Sierra de Cazorla y termina en el pe\u00f1\u00f3n de Ifach.<\/p>\n            <\/div>\n        <\/div>\n\n        <div class=\"articulo\"\n             style=\"flex: 1 1 calc(33% - 20px); box-sizing: border-box; margin: 10px; max-width: calc(33% - 20px); border: 1px solid #ccc; padding: 10px; background-color: #f9f9f9;\">\n            <img decoding=\"async\" class=\"image-child\"\n                 src=\"https:\/\/storage.googleapis.com\/static.inmoweb.es\/clients\/3287\/cms\/costa_sonada_inmobiliaria_costa_blanca_calpe-5_2.jpg\"\n                 alt=\"imagen columna 3\" style=\"width:100%; height:auto;\">\n            <div class=\"content-child\" style=\"margin-top: 10px; text-align: justify;\">\n                <p>El clima en Calpe es un deleite para los amantes del sol y el buen tiempo. Disfruta de un clima mediterr\u00e1neo con m\u00e1s de 300 d\u00edas de sol al a\u00f1o, inviernos suaves y veranos c\u00e1lidos. Estas condiciones hacen de Calpe un refugio ideal durante todo el a\u00f1o, permitiendo a sus residentes disfrutar de actividades al aire libre y de la vida costera en cualquier estaci\u00f3n.<\/p>\n                <p>Calpe es m\u00e1s que solo un hermoso paisaje; ofrece una amplia gama de actividades y lugares de inter\u00e9s. Entre ellos se encuentra el imponente Pe\u00f1\u00f3n de Ifach, una reserva natural que ofrece rutas de senderismo con vistas panor\u00e1micas incomparables. El casco antiguo de Calpe, con sus estrechas calles empedradas y encantadoras plazas, transporta a sus visitantes a la aut\u00e9ntica esencia mediterr\u00e1nea.<\/p>\n            <\/div>\n        <\/div>\n    <\/div>\n<\/div>\n","protected":false},"excerpt":{"rendered":"<p>Calpe Calpe\u200b es un municipio de la provincia de Alicante, Comunidad Valenciana, situado en la costa norte de la provincia de Alicante, en la comarca de la Marina Alta. Cuenta con una poblaci\u00f3n de 25 854 habitantes. En su costa se alza majestuosamente el pe\u00f1\u00f3n de Ifach, una mole rocosa de 332 m de altura. Dicho pe\u00f1\u00f3n es uno de los s\u00edmbolos de la Costa Blanca. Situada en la pintoresca costa de Alicante, Espa\u00f1a, la encantadora localidad de Calpe se erige como un destino inigualable para quienes buscan un estilo de vida relajado junto al mar. Con una ubicaci\u00f3n estrat\u00e9gica en la Costa Blanca, Calpe<a class=\"more-link\" href=\"https:\/\/costasonada.es\/index.php\/calpe\/\"><span>Read More &rarr;<\/span><\/a><\/p>\n","protected":false},"author":3,"featured_media":0,"parent":0,"menu_order":0,"comment_status":"closed","ping_status":"closed","template":"elementor_header_footer","meta":{"om_disable_all_campaigns":false,"footnotes":""},"class_list":["entry","author-3dvirtualtour","post-13215","page","type-page","status-publish"],"aioseo_notices":[],"_links":{"self":[{"href":"https:\/\/costasonada.es\/index.php\/wp-json\/wp\/v2\/pages\/13215","targetHints":{"allow":["GET"]}}],"collection":[{"href":"https:\/\/costasonada.es\/index.php\/wp-json\/wp\/v2\/pages"}],"about":[{"href":"https:\/\/costasonada.es\/index.php\/wp-json\/wp\/v2\/types\/page"}],"author":[{"embeddable":true,"href":"https:\/\/costasonada.es\/index.php\/wp-json\/wp\/v2\/users\/3"}],"replies":[{"embeddable":true,"href":"https:\/\/costasonada.es\/index.php\/wp-json\/wp\/v2\/comments?post=13215"}],"version-history":[{"count":6,"href":"https:\/\/costasonada.es\/index.php\/wp-json\/wp\/v2\/pages\/13215\/revisions"}],"predecessor-version":[{"id":13712,"href":"https:\/\/costasonada.es\/index.php\/wp-json\/wp\/v2\/pages\/13215\/revisions\/13712"}],"wp:attachment":[{"href":"https:\/\/costasonada.es\/index.php\/wp-json\/wp\/v2\/media?parent=13215"}],"curies":[{"name":"wp","href":"https:\/\/api.w.org\/{rel}","templated":true}]}}